{"id":3371,"date":"2025-11-23T15:28:04","date_gmt":"2025-11-23T15:28:04","guid":{"rendered":"https:\/\/volcacoffee.se\/?post_type=product&#038;p=3371"},"modified":"2025-11-25T22:10:49","modified_gmt":"2025-11-25T22:10:49","slug":"lagoinha-tolima-brazil","status":"publish","type":"product","link":"https:\/\/volcacoffee.se\/index.php\/product\/lagoinha-tolima-brazil\/","title":{"rendered":"Lagoinha, Minas Gerais, Brazil"},"content":{"rendered":"<h2 style=\"text-align: center;\"><strong>About<\/strong><\/h2>\n<p>The Lagoinha is a 203-hectare farm, but only 120 hectares are dedicated to coffee production. Located in Carmo de Cachoeira in the Tr\u00eas Cora\u00e7\u00f5es region, at an altitude of 1000-1100 m.a.s.l, the farm grows a variety of traditional coffee cultivars, including Yellow Bourbon, Yellow Catuai, Acaia, and Mundo Novo. While the farm has long produced coffee for the commercial market, it has now shifted its focus exclusively to growing specialty coffee in response to increasing demand and the new generation of coffee farmers. Since 2019, this 120-hectare farm has been managed by Carlos Canellas, Matheus Avelar and Tatiana Chagas. Their shared vision was to transform this beautiful and productive coffee farm into a source of high-quality Brazilian coffees for the world to enjoy. This farm innovates by utilizing Selvatech yeast to control fermentations and produce distinctive flavors, while also prioritizing sustainability through innovative infrastructure, photovoltaic energy, and regenerative agriculture, among other green initiatives. The Natural Yellow Bourbon was carefully selected by the sorting team and then dried on a patio for 72 hours until it reached the ideal moisture content.<\/p>\n","protected":false},"excerpt":{"rendered":"<p><span style=\"font-weight: 400;\"><span style=\"vertical-align: inherit;\"><span style=\"vertical-align: inherit;\">Notas: Apricot, Green Grapes, Caramel, Dark Chocolate<\/span><\/span><\/span><\/p>\n","protected":false},"featured_media":1135,"comment_status":"open","ping_status":"closed","template":"","meta":{"_kad_post_transparent":"default","_kad_post_title":"","_kad_post_layout":"default","_kad_post_sidebar_id":"","_kad_post_content_style":"default","_kad_post_vertical_padding":"default","_kad_post_feature":"","_kad_post_feature_position":"","_kad_post_header":false,"_kad_post_footer":false},"product_cat":[19],"product_tag":[],"acf":[],"_links":{"self":[{"href":"https:\/\/volcacoffee.se\/index.php\/wp-json\/wp\/v2\/product\/3371"}],"collection":[{"href":"https:\/\/volcacoffee.se\/index.php\/wp-json\/wp\/v2\/product"}],"about":[{"href":"https:\/\/volcacoffee.se\/index.php\/wp-json\/wp\/v2\/types\/product"}],"replies":[{"embeddable":true,"href":"https:\/\/volcacoffee.se\/index.php\/wp-json\/wp\/v2\/comments?post=3371"}],"wp:featuredmedia":[{"embeddable":true,"href":"https:\/\/volcacoffee.se\/index.php\/wp-json\/wp\/v2\/media\/1135"}],"wp:attachment":[{"href":"https:\/\/volcacoffee.se\/index.php\/wp-json\/wp\/v2\/media?parent=3371"}],"wp:term":[{"taxonomy":"product_cat","embeddable":true,"href":"https:\/\/volcacoffee.se\/index.php\/wp-json\/wp\/v2\/product_cat?post=3371"},{"taxonomy":"product_tag","embeddable":true,"href":"https:\/\/volcacoffee.se\/index.php\/wp-json\/wp\/v2\/product_tag?post=3371"}],"curies":[{"name":"wp","href":"https:\/\/api.w.org\/{rel}","templated":true}]}}