{"id":1198,"date":"2022-04-26T03:34:27","date_gmt":"2022-04-26T03:34:27","guid":{"rendered":"https:\/\/volcacoffee.se\/?post_type=product&#038;p=1198"},"modified":"2022-05-20T23:58:26","modified_gmt":"2022-05-20T23:58:26","slug":"la-cubana-el-salvador","status":"publish","type":"product","link":"https:\/\/volcacoffee.se\/index.php\/product\/la-cubana-el-salvador\/","title":{"rendered":"La Cubana, Bourbon Apaneca, El Salvador"},"content":{"rendered":"<h1 style=\"text-align: center;\"><span style=\"vertical-align: inherit;\"><span style=\"vertical-align: inherit;\">ABOUT<\/span><\/span><\/h1>\n<p id=\"tw-target-text\" class=\"tw-data-text tw-text-large tw-ta\" dir=\"ltr\" data-placeholder=\"Traducci\u00f3n\"><span class=\"Y2IQFc\" lang=\"en\">Dada Coffee, is a strange new player in the coffee industry. Dada Coffee is a direct extension of the business that starts on a family farm in El Salvador, where Salvadorans in Sweden grow, pick and process their coffee beans and then roast them. This proof that there is another way of working. A fair, empathetic way and as an initiative of the coffee growers themselves. By owning and sharing with Volca the entire production chain, from cultivation to roasted coffee, we avoid unnecessary intermediaries and have the opportunity to generate real change.<\/span><\/p>\n<p>&nbsp;<\/p>\n<h1 style=\"text-align: center;\">LA CUBANA<\/h1>\n<p>This plantation is located in Apaneca, in the mountainous region of Ilamatepec, at an altitude between 1,225 and 1,600 meters above sea level. The area is unique thanks to its volcanic soil and microclimate. It is also a UNESCO-classified biosphere reserve and home to more than 70 endangered animal and plant species. They believe and work for a sustainable way of growing and producing coffee that prioritizes the conservation of the ecosystem.<\/p>\n<p>On the farm, of more than 70 hectares, constant work is done to promote biodiversity as much as possible. Its coffee trees grow under the shade of a mixture of native trees typical of the area where animals, flowers and insects also play an important role. The coffee we grow is one hundred percent Arabica beans of the Pacamara, Bourbon and Pacas varieties.<\/p>\n<p>&nbsp;<\/p>\n","protected":false},"excerpt":{"rendered":"<p><span style=\"font-weight: 400;\"><span style=\"vertical-align: inherit;\"><span style=\"vertical-align: inherit;\">Notas: Frutos Rojos, C\u00edtricos, Cacao, Ca\u00f1a De Az\u00facar\u00a0 \u00a0 <\/span><\/span><\/span><\/p>\n","protected":false},"featured_media":1135,"comment_status":"open","ping_status":"closed","template":"","meta":{"_kad_post_transparent":"default","_kad_post_title":"","_kad_post_layout":"default","_kad_post_sidebar_id":"","_kad_post_content_style":"default","_kad_post_vertical_padding":"default","_kad_post_feature":"","_kad_post_feature_position":"","_kad_post_header":false,"_kad_post_footer":false},"product_cat":[19],"product_tag":[],"acf":[],"_links":{"self":[{"href":"https:\/\/volcacoffee.se\/index.php\/wp-json\/wp\/v2\/product\/1198"}],"collection":[{"href":"https:\/\/volcacoffee.se\/index.php\/wp-json\/wp\/v2\/product"}],"about":[{"href":"https:\/\/volcacoffee.se\/index.php\/wp-json\/wp\/v2\/types\/product"}],"replies":[{"embeddable":true,"href":"https:\/\/volcacoffee.se\/index.php\/wp-json\/wp\/v2\/comments?post=1198"}],"wp:featuredmedia":[{"embeddable":true,"href":"https:\/\/volcacoffee.se\/index.php\/wp-json\/wp\/v2\/media\/1135"}],"wp:attachment":[{"href":"https:\/\/volcacoffee.se\/index.php\/wp-json\/wp\/v2\/media?parent=1198"}],"wp:term":[{"taxonomy":"product_cat","embeddable":true,"href":"https:\/\/volcacoffee.se\/index.php\/wp-json\/wp\/v2\/product_cat?post=1198"},{"taxonomy":"product_tag","embeddable":true,"href":"https:\/\/volcacoffee.se\/index.php\/wp-json\/wp\/v2\/product_tag?post=1198"}],"curies":[{"name":"wp","href":"https:\/\/api.w.org\/{rel}","templated":true}]}}